{"id":302,"date":"2017-07-03T13:39:53","date_gmt":"2017-07-03T13:39:53","guid":{"rendered":"https:\/\/upperinc.com\/previews\/wp\/raven\/multipage\/?page_id=302"},"modified":"2025-12-30T22:30:12","modified_gmt":"2025-12-30T22:30:12","slug":"home","status":"publish","type":"page","link":"https:\/\/grupohama.com\/tempog\/","title":{"rendered":"Home"},"content":{"rendered":"\n<h3 class=\"wp-block-heading\">A trav\u00e9s de una selecci\u00f3n acorde con los requerimientos de nuestros clientes, prestamos servicios temporales al sector empresarial,<\/h3>\n\n\n\n<p>&nbsp;por lo cual contamos con una estructura organizacional y un recurso humano capacitado y comprometido con el objeto institucional y consiente de nuestra contribuci\u00f3n en la generaci\u00f3n de empleo de Colombia y en d\u00f3nde hacemos presencia.<\/p>\n\n\n\n<figure class=\"wp-block-image\"><img decoding=\"async\" src=\"https:\/\/grupohama.com\/tempog\/wp-content\/uploads\/2023\/12\/iconhero-51.jpg\" alt=\"\"\/><\/figure>\n\n\n\n<p><\/p>\n\n\n\n<h1 class=\"wp-block-heading\">Somos una empresa de servicios temporales con m\u00e1s de 14 a\u00f1os de experiencia a nivel nacional,<\/h1>\n\n\n\n<p>que suministra personal en misi\u00f3n al sector empresarial, formalizando el empleo en Colombia y pa\u00edses donde tenemos presencia, bajo los lineamientos laborales de cada uno de estos estados. Ayudamos a disminuir la carga laboral de nuestros clientes, brindando nuestro apoyo profesional en la administraci\u00f3n y suministro del personal en misi\u00f3n, indispensable para el funcionamiento asertivo de cada una de las empresas a las que prestamos nuestro oportuno y eficaz servicio.<\/p>\n\n\n\n<figure class=\"wp-block-image\"><img decoding=\"async\" src=\"https:\/\/grupohama.com\/tempog\/wp-content\/uploads\/2023\/12\/fotoswh-14.jpg\" alt=\"\"\/><\/figure>\n\n\n\n<p><\/p>\n\n\n\n<h3 class=\"wp-block-heading\">Razones para escogernos a nosotros<\/h3>\n\n\n\n<figure class=\"wp-block-image\"><img loading=\"lazy\" decoding=\"async\" width=\"1002\" height=\"514\" src=\"https:\/\/grupohama.com\/tempog\/wp-content\/uploads\/2025\/12\/WhatsApp-Image-2025-12-30-at-16.58.55.jpeg\" alt=\"\" class=\"wp-image-11676\"\/><\/figure>\n\n\n\n<h3 class=\"wp-block-heading\">PUNTUALIDAD<\/h3>\n\n\n\n<p><br>Cumplimiento estricto del servicio contratado con nuestros clientes.<\/p>\n\n\n\n<figure class=\"wp-block-image is-resized\"><img loading=\"lazy\" decoding=\"async\" width=\"1165\" height=\"629\" src=\"https:\/\/grupohama.com\/tempog\/wp-content\/uploads\/2025\/12\/WhatsApp-Image-2025-12-30-at-17.01.37.jpeg\" alt=\"\" class=\"wp-image-11679\" style=\"width:995px;height:auto\"\/><\/figure>\n\n\n\n<h3 class=\"wp-block-heading\">\n\t\t\t\t\t\tEFICACIA<br>\n\t\t\t\t<\/h3>\n\n\n\n<figure class=\"wp-block-image\"><img loading=\"lazy\" decoding=\"async\" width=\"833\" height=\"593\" src=\"https:\/\/grupohama.com\/tempog\/wp-content\/uploads\/2025\/12\/WhatsApp-Image-2025-12-30-at-17.00.04.jpeg\" alt=\"\" class=\"wp-image-11677\"\/><\/figure>\n\n\n\n<p><path d=\"M38.75,17.62c0-1.1-.03-2.2,0-3.3.09-2.34,1.26-3.98,3.4-4.88,2.04-.86,4.37-.34,5.87,1.31.46.51.73.51,1.3.18,2.22-1.28,4.93-.8,6.68,1.16.35.39.54.4.98.15,2.33-1.35,4.92-.95,6.77,1.03.32.34.49.48.98.2,3.75-2.14,8,.24,8.17,4.57.07,1.7.08,3.4.02,5.09-.03.8.22,1.05,1,1.16,7.52,1.06,13.26,4.87,17.07,11.41,5.2,8.93,3.79,20.21-3.5,27.6-8.55,8.66-17.21,17.22-25.85,25.79-3.4,3.37-8.6,3.48-11.97.14-8.82-8.71-17.7-17.35-26.29-26.28-12.03-12.51-6.06-33.48,10.66-38.05.51-.14.88-.33,1.18-.81.65-1.06,1.63-1.76,2.85-2,.59-.12.68-.38.67-.89-.03-1.19,0-2.39,0-3.59,0,0,0,0,0,0ZM69.84,28.86c-2.19.87-4.2.61-5.98-.94-.36-.31-.49.06-.68.2-1.59,1.22-3.33,1.58-5.23.88-.51-.19-.7-.13-.83.41-.3,1.26-.96,2.36-2.02,3.09-.73.5-.67.84-.27,1.53,1.1,1.9,1.37,3.96.86,6.1-.22.91-.9,1.36-1.73,1.22-.81-.14-1.28-.74-1.23-1.62.02-.31.09-.62.12-.93.17-1.69-.33-3.16-1.42-4.45-.3-.36-.66-.53-1.14-.52-1.01.03-2.01.02-3.02,0-1.25-.01-1.88-.51-1.9-1.48-.02-.99.64-1.52,1.93-1.54,1.26-.01,2.52.03,3.77-.01,1.58-.05,2.81-1.4,2.81-2.98,0-1.58-1.28-2.95-2.84-2.95-3.71-.01-7.42,0-11.13.04-1.77.02-2.3.53-2.65,2.3-.46,2.33-.32,4.7-.37,7.05-.08,4.22,1.11,8.05,3.47,11.54,1.32,1.95,2.57,3.95,3.59,6.08.95,1.96,1.74,3.98,1.82,6.19.03.71.47.61.9.61,6.48,0,12.96-.01,19.44.02.7,0,.92-.22.98-.89.22-2.73.59-5.44,1.27-8.09,1.75-6.85,1.66-13.82,1.48-20.88ZM72.81,73.63c4.22-4.2,8.47-8.26,12.53-12.51,4.93-5.16,6.59-11.38,5.14-18.36-1.67-8.06-8.89-14.65-16.79-15.48-.67-.07-.79.1-.78.71.02,3.36,0,6.73.01,10.09,0,2.84-.31,5.64-.85,8.42-.76,3.85-1.65,7.68-2.04,11.59-.04.35-.23.72.31.93,1.77.69,2.37,2.09,2.36,3.89-.02,3.21,0,6.41,0,9.62,0,.34-.08.69.13,1.09ZM56.39,61.79c-4.09,0-8.17.02-12.26-.01-.9,0-1.2.3-1.2,1.21.03,4.87.02,9.74,0,14.62,0,.51.15.88.51,1.24,2.66,2.63,5.29,5.29,7.94,7.93,2.54,2.52,5.79,2.53,8.35,0,3.16-3.11,6.29-6.25,9.45-9.35.39-.39.54-.77.54-1.32-.02-4.34,0-8.68-.01-13.01,0-1.22-.06-1.29-1.26-1.29-4.02,0-8.05,0-12.07,0ZM39.93,75.18c0-.56,0-.9,0-1.24,0-3.77,0-7.54,0-11.32,0-1.46.47-2.75,1.82-3.37.98-.45,1.07-.98.85-1.87-.17-.7-.33-1.4-.57-2.08-1-2.81-2.54-5.32-4.21-7.76-2.75-4.01-4.12-8.42-4.03-13.29.04-2.03,0-4.06,0-6.07-2.01.46-5.04,2.2-7.08,4.11-8.42,7.87-8.75,20.79-.69,29.02,4.4,4.49,8.88,8.9,13.33,13.34.13.13.27.24.58.52ZM57.35,20.27c0,1.07,0,2.13,0,3.2,0,.06,0,.13,0,.19.07,1.48,1.05,2.51,2.39,2.51,1.34,0,2.36-1.04,2.38-2.52.03-2.2.03-4.39,0-6.59-.02-1.55-.96-2.6-2.27-2.6-1.47,0-2.45,1-2.49,2.6-.03,1.07,0,2.13,0,3.2ZM69.89,21.05c0-.91,0-1.82,0-2.73,0-.06,0-.13,0-.19-.07-1.49-1.05-2.5-2.4-2.5-1.35,0-2.31,1.02-2.33,2.53-.02,1.88-.02,3.76,0,5.65.02,1.58.97,2.59,2.37,2.58,1.39,0,2.33-1.04,2.36-2.61.02-.91,0-1.82,0-2.73ZM46.52,17.82c0-1.07,0-2.13,0-3.2,0-.06,0-.13,0-.19-.06-1.32-1.03-2.36-2.2-2.38-1.32-.02-2.44.97-2.47,2.33-.06,2.32-.01,4.64-.03,6.96,0,.41.15.55.55.55,1.19-.01,2.38-.02,3.58,0,.45,0,.6-.15.59-.59-.02-1.16,0-2.32,0-3.48ZM54.32,22.7c0-2.46.03-4.74-.01-7.03-.02-1.4-1.03-2.44-2.25-2.42-1.45.02-2.5,1.02-2.52,2.49-.03,1.82.01,3.64-.02,5.47,0,.53.15.72.69.69,1.36-.08,2.69.07,4.11.81Z\"><\/path>\t\t\t\t<\/p>\n\n\n\n<h3 class=\"wp-block-heading\">\n\t\t\t\t\t\tRESPONSABILIDAD<br>\n\t\t\t\t<\/h3>\n\n\n\n<p>\n\t\t\t\t\t\tAcompa\u00f1amiento responsable en el impacto que genera la prestaci\u00f3n de nuestros servicios sobre nuestros clientes, empleados, accionistas, medio ambiente y comunidad en general.\t\t\t\t\t<\/p>\n\n\n\n<p>\n\n<figure class=\"wp-block-image\"><img loading=\"lazy\" decoding=\"async\" width=\"623\" height=\"601\" src=\"https:\/\/grupohama.com\/tempog\/wp-content\/uploads\/2025\/12\/WhatsApp-Image-2025-12-30-at-17.01.59.jpeg\" alt=\"\" class=\"wp-image-11678\"\/><\/figure>\n\n\n\n<p><path d=\"M94.27,33.67c-.42,1.63-.51,3.32-.79,4.97-.13.78-.21,1.57-.34,2.35-.16,1-.78,1.44-1.8,1.3-1.56-.22-3.13-.45-4.69-.68-.64-.1-1.22-.01-1.6.59-.4.63-.21,1.2.21,1.75.92,1.22,1.84,2.44,2.75,3.67.77,1.04.67,1.69-.37,2.47-1.92,1.44-3.83,2.88-5.76,4.31-1.05.79-1.69.7-2.47-.34-.91-1.2-1.81-2.4-2.71-3.6-.4-.55-.88-.94-1.6-.77-.75.18-.99.79-1.09,1.48-.21,1.51-.42,3.03-.64,4.54-.16,1.1-.69,1.54-1.77,1.4-2.51-.33-5.01-.68-7.51-1.07-1.12-.17-1.48-.68-1.34-1.82.17-1.41.39-2.82.59-4.23.03-.23.06-.47.08-.71.05-.57-.14-1.05-.64-1.35-.54-.32-1.07-.23-1.55.12-1.21.89-2.41,1.8-3.61,2.7-1.3.97-1.85.9-2.81-.38-1.39-1.85-2.79-3.71-4.18-5.57-.8-1.08-.71-1.72.36-2.52,1.2-.9,2.4-1.81,3.61-2.7.56-.41.9-.92.71-1.62-.18-.67-.71-.92-1.37-1.01-1.49-.2-2.97-.41-4.46-.63-1.34-.2-1.75-.7-1.57-2.03.33-2.43.68-4.85,1.06-7.27.17-1.14.75-1.54,1.87-1.38,1.54.22,3.08.43,4.61.67.66.11,1.22,0,1.59-.58.4-.62.21-1.2-.21-1.75-.89-1.17-1.77-2.36-2.66-3.54-.28-.38-.6-.75-.59-1.26,0-.44-.32-.33-.56-.32-6.39.29-11.84,2.69-16.13,7.44-4.7,5.2-6.65,11.38-5.74,18.32.86,6.48,4.01,11.68,9.34,15.52,1.48,1.06,3.01,2.05,3.97,3.67.82,1.36,1.32,2.82,1.35,4.4.04,1.79.01,3.59.02,5.38.01,1.93,1.05,3.01,2.97,3.02,3.4.02,6.8.02,10.2,0,1.93-.01,2.95-1.07,2.96-3.01,0-1.58-.02-3.16,0-4.75.05-3.24,1.36-5.85,4.02-7.75.94-.67,1.92-1.31,2.78-2.09.27-.25.44-.23.7.05,1.62,1.67,1.63,1.67-.23,3.03-.55.4-1.12.79-1.68,1.19-1.94,1.36-2.88,3.24-2.91,5.58-.02,1.66,0,3.32,0,4.98,0,1.84-.74,3.33-2.23,4.4-.38.28-.47.57-.46.99.01,2.16.01,4.32,0,6.49-.02,3.39-2.27,5.66-5.64,5.7-1.61.02-3.22.02-4.82,0-3.37-.03-5.63-2.31-5.66-5.69-.02-2.19-.01-4.38,0-6.56,0-.4-.1-.66-.45-.91-1.49-1.08-2.2-2.58-2.24-4.41-.02-1.16,0-2.32,0-3.69-.65.63-1.17,1.15-1.7,1.67-.97.97-1.41,1.01-2.54.24-.93-.64-1.87-1.28-2.8-1.93-.37-.26-.51-.22-.6.25-.22,1.19-.49,2.37-.75,3.55-.22,1.01-.63,1.35-1.63,1.36-1.63.01-3.27.01-4.9,0-.91,0-1.36-.37-1.56-1.26-.27-1.21-.55-2.41-.77-3.63-.1-.54-.26-.53-.65-.25-.97.69-1.95,1.36-2.93,2.02-.93.62-1.43.58-2.23-.21-1.18-1.17-2.36-2.34-3.52-3.52-.81-.82-.85-1.32-.19-2.29.63-.94,1.27-1.88,1.93-2.8.3-.42.4-.63-.26-.74-1.19-.2-2.37-.48-3.55-.75-.89-.2-1.25-.65-1.26-1.55-.01-1.66-.01-3.32,0-4.98,0-.9.38-1.35,1.27-1.55,1.21-.27,2.42-.54,3.63-.77.47-.09.51-.22.25-.6-.7-.99-1.38-1.99-2.06-3-.59-.88-.55-1.41.2-2.17,1.2-1.22,2.41-2.43,3.64-3.63.73-.71,1.26-.76,2.11-.18,1.01.68,2,1.36,2.99,2.07.41.29.55.24.65-.27.22-1.19.51-2.37.75-3.56.15-.76.55-1.27,1.35-1.31.44-.02.42-.26.44-.56.44-5.15,2.17-9.8,5.39-13.86,4.18-5.27,9.61-8.42,16.25-9.49,1.91-.31,3.83-.35,5.75-.17.48.04.85-.08,1.23-.38,1.01-.8,2.06-1.56,3.09-2.33,1.09-.81,1.73-.73,2.53.33.91,1.2,1.81,2.4,2.71,3.6.38.52.84.9,1.53.75.72-.15,1.01-.68,1.11-1.37.22-1.56.44-3.13.7-4.69.19-1.14.74-1.52,1.87-1.36,2.4.34,4.8.68,7.2,1.01,1.28.18,1.72.75,1.54,2.06-.21,1.49-.42,2.97-.64,4.46-.1.68-.01,1.28.63,1.65.65.38,1.21.11,1.75-.29,1.22-.92,2.44-1.84,3.67-2.75.95-.7,1.64-.6,2.36.35,1.48,1.95,2.95,3.91,4.41,5.88.75,1,.64,1.63-.38,2.41-1.2.91-2.4,1.81-3.61,2.7-.57.42-.96.93-.74,1.68.21.71.79.92,1.45,1.01,1.49.2,2.97.44,4.46.62.68.08,1.15.42,1.54.95v1.11ZM59.96,24.96c-.02,2.52-2.1,4.35-4.57,4.05-1.12-.14-2.25-.3-3.36-.48-.4-.07-.58,0-.63.42-.18,1.44-.39,2.87-.61,4.3-.06.4.05.55.47.6,1.02.12,2.03.3,3.05.44,1.85.25,3.16,1.21,3.63,3.04.45,1.76-.16,3.21-1.59,4.32-.86.66-1.72,1.31-2.59,1.94-.34.24-.35.44-.11.76.87,1.13,1.74,2.26,2.56,3.42.31.44.52.35.87.08.76-.61,1.55-1.18,2.33-1.76,1.62-1.19,3.3-1.35,4.79-.46,1.5.9,2.17,2.54,1.86,4.52-.15.94-.27,1.88-.41,2.81-.06.4,0,.61.49.67,1.36.16,2.71.38,4.07.59.46.07.74.01.8-.54.11-1.05.25-2.09.42-3.13.3-1.81,1.29-3.05,3.11-3.47,1.78-.42,3.2.25,4.28,1.69.63.84,1.28,1.68,1.89,2.53.24.33.41.35.74.1,1.14-.89,2.3-1.76,3.48-2.61.34-.25.34-.43.09-.74-.67-.85-1.32-1.71-1.95-2.59-1.08-1.5-1.19-3.23-.3-4.67.89-1.43,2.5-2.12,4.31-1.84.99.15,1.99.25,2.97.44.5.09.65-.07.71-.53.18-1.41.37-2.82.6-4.22.07-.4-.06-.5-.41-.55-1.02-.13-2.03-.29-3.05-.43-1.84-.25-3.14-1.19-3.68-3-.49-1.63.17-3.27,1.68-4.43.82-.63,1.63-1.25,2.47-1.85.35-.25.43-.43.14-.8-.88-1.12-1.73-2.26-2.56-3.41-.26-.36-.44-.4-.8-.11-.91.72-1.84,1.42-2.79,2.07-1.41.97-2.92,1.05-4.39.16-1.43-.86-2.08-2.2-1.91-3.88.12-1.15.3-2.3.47-3.44.05-.35.08-.59-.4-.64-1.46-.18-2.92-.39-4.38-.62-.38-.06-.51.07-.56.44-.13,1.05-.31,2.08-.45,3.13-.25,1.83-1.23,3.09-3.01,3.56-1.84.49-3.3-.21-4.42-1.7-.62-.82-1.24-1.64-1.85-2.47-.21-.3-.37-.44-.73-.15-1.14.9-2.3,1.76-3.48,2.61-.33.24-.38.42-.11.75.67.85,1.31,1.72,1.95,2.59.56.76.93,1.59.89,2.5ZM28.7,45.4c-.12.4-.18.57-.22.74-.55,2.25-2.49,3.02-4.41,1.74-.72-.48-1.44-.97-2.14-1.48-.31-.23-.52-.25-.8.05-.55.6-1.14,1.18-1.73,1.73-.3.27-.29.48-.07.8.58.81,1.17,1.63,1.69,2.48.96,1.61.17,3.51-1.64,4.01-.3.08-.62.12-.93.2-.81.22-1.95.06-2.35.65-.4.58-.09,1.63-.15,2.46-.04.51.17.68.64.75.86.14,1.7.34,2.55.54,2.13.49,2.93,2.49,1.73,4.32-.49.75-1,1.49-1.53,2.21-.22.31-.25.52.05.8.6.55,1.18,1.13,1.73,1.73.27.3.48.3.8.07.75-.54,1.51-1.05,2.28-1.57.77-.52,1.6-.69,2.48-.38,1.33.46,1.72,1.58,1.95,2.83.15.82.05,1.93.62,2.37.61.47,1.68.1,2.54.14.03,0,.05,0,.08,0,.36.04.5-.11.57-.47.18-.98.39-1.96.63-2.93.3-1.23,1.35-2.07,2.56-2.09.96-.02,1.68.55,2.42,1.06.63.43,1.27,1.18,1.9,1.17.7-.01,1.16-.97,1.72-1.51,1.37-1.34,1.38-1.51.19-3.07-.11-.15-.24-.28-.37-.42-.85-.96-2.04-1.5-2.98-2.34-.5-.44-.71-.39-1.07.19-1.85,2.98-5.7,4.4-8.96,3.39-3.61-1.12-6.01-4.43-5.85-8.09.16-3.65,2.81-6.78,6.43-7.53.52-.11.71-.24.51-.8-.41-1.14-.62-2.34-.87-3.75ZM31.12,63.14c1.71-.05,3.33-1,4.39-2.93.24-.45.18-.73-.16-1.09-1.65-1.72-3.01-3.65-4.08-5.78-.5-1-.59-1.03-1.71-.76-2.66.63-4.41,3.05-4.14,5.73.28,2.76,2.44,4.75,5.71,4.84ZM53.95,84.68c-1.58,0-3.16,0-4.74,0-.25,0-.57-.13-.66.34-.39,2.07.9,3.69,3.01,3.7,1.47,0,2.95,0,4.42,0,2.39,0,3.39-1.05,3.34-3.44-.01-.5-.17-.62-.64-.62-1.58.02-3.16,0-4.74,0ZM54.01,79.31h-3.55c-1.92,0-1.9,0-1.91,1.94,0,.59.15.77.75.76,2.68-.03,5.37-.01,8.05-.01,2.01,0,1.99,0,1.98-2.02,0-.51-.14-.68-.66-.67-1.55.03-3.1.01-4.66,0Z\"><\/path><path d=\"M30.98,10.41c.86,3.39,1.72,6.77,2.61,10.15.12.46.07.68-.43.77-.52.09-1.03.22-1.53.39-.44.15-.55-.04-.64-.4-.82-3.23-1.64-6.47-2.48-9.7-.13-.48.08-.59.45-.69.57-.16,1.19-.19,1.71-.52.11,0,.21,0,.32,0Z\"><\/path><path d=\"M35.09,41.43c.23-6.28,2.89-11.56,8.34-15.37.37-.26.55-.26.77.15.31.58.94,1.12.96,1.69.01.63-.89.84-1.38,1.25-9.3,7.61-7.41,22.29,3.55,27.21,2.24,1.01,4.32,2.18,5.78,4.23,1.32,1.85,2.05,3.89,2.14,6.17.01.35-.07.5-.42.45-.03,0-.05,0-.08,0-.63,0-1.34.17-1.88-.05-.67-.27-.31-1.11-.45-1.69-.68-2.83-2.28-4.9-4.94-6.07-2.61-1.14-5.02-2.53-7.01-4.61-3.49-3.65-5.23-8.02-5.37-13.36Z\"><\/path><path d=\"M18.57,17.85c.13.09.28.19.43.3,2.76,1.97,5.52,3.95,8.29,5.9.45.32.48.52.16.97-1.18,1.63-1.16,1.64-2.78.49-2.42-1.73-4.83-3.47-7.26-5.17-.44-.31-.54-.54-.17-.97.33-.37.59-.81.88-1.21.1-.14.17-.34.44-.31Z\"><\/path><path d=\"M25.09,31.04c.17-.06.31-.03.35.18.02.08.03.15.06.23q.65,2.08-1.45,2.61c-2.71.68-5.42,1.34-8.12,2.04-.49.13-.68.08-.81-.46-.49-1.99-.52-1.98,1.46-2.48,2.63-.66,5.26-1.32,7.89-1.99.2-.05.41-.09.62-.14Z\"><\/path><path d=\"M85.25,76.22c-.1-.08-.22-.17-.34-.27-2.41-2.01-4.81-4.02-7.23-6.01-.32-.26-.36-.44-.07-.75.47-.5.82-1.34,1.36-1.47.57-.15,1.07.69,1.58,1.11,1.98,1.62,3.92,3.28,5.9,4.89.49.39.64.67.12,1.15-.35.32-.61.72-.92,1.08-.1.11-.17.27-.4.28Z\"><\/path><path d=\"M71.42,75.97c0-1.34.01-2.69,0-4.03,0-.48.09-.7.65-.71,2.04-.04,2.04-.06,2.04,1.99,0,2.24-.01,4.48.01,6.72,0,.53-.11.73-.69.73-2,0-2,.02-2-2.01,0-.9,0-1.79,0-2.69Z\"><\/path><path d=\"M84.22,63.19c-1.37,0-2.74-.02-4.11,0-.49,0-.62-.16-.64-.64-.06-2.06-.07-2.06,1.97-2.06,2.24,0,4.48.01,6.72,0,.51,0,.74.09.74.68,0,2.02.02,2.02-1.99,2.02-.9,0-1.79,0-2.69,0Z\"><\/path><path d=\"M52.61,71.8c0-1.92,0-1.9,1.93-1.92.57,0,.8.11.77.73-.05.89-.04,1.79,0,2.69.02.49-.17.62-.64.63-2.05.06-2.05.07-2.05-2.13Z\"><\/path><path d=\"M60.3,33.96c0-5.93,4.85-10.75,10.78-10.74,5.94,0,10.73,4.83,10.72,10.78-.02,5.9-4.81,10.7-10.72,10.72-5.9.02-10.78-4.86-10.78-10.76ZM79.1,33.99c.01-4.43-3.58-8.06-7.99-8.08-4.44-.02-8.13,3.64-8.12,8.06,0,4.38,3.68,8.05,8.06,8.06,4.38,0,8.04-3.65,8.06-8.04Z\"><\/path>\t\t\t\t<\/p>\n\n\n\n<h3 class=\"wp-block-heading\">\n\t\t\t\t\t\tGESTI\u00d3N<br>\n\t\t\t\t<\/h3>\n\n\n\n<p>\n\t\t\t\t\t\tAlta recepci\u00f3n y posterior gesti\u00f3n, con resultados efectivos de los mismos, para que nuestros clientes reciban un oportuno servicio.\t\t\t\t\t<\/p>\n\n\n\n<h3 class=\"wp-block-heading\">Nuestros servicios<\/h3>\n\n\n\n<figure class=\"wp-block-image\"><img decoding=\"async\" src=\"https:\/\/grupohama.com\/tempog\/wp-content\/uploads\/2023\/12\/fotoswh-16.jpg\" alt=\"\"\/><\/figure>\n\n\n\n<p><\/p>\n\n\n\n<h4 class=\"wp-block-heading\">\n\t\t\t\t\t\tSELECCI\u00d3N DE TALENTO HUMANO<br>\n\t\t\t\t<\/h4>\n\n\n\n<p>\n\t\t\t\t\t\tNuestros tiempos de respuesta y la calidad del personal seleccionado son los pilares de nuestra organizaci\u00f3n, lo cual nos diferencia del mercado Outsourcing de selecci\u00f3n de personal.<br>\nContamos con diferentes herramientas Tecnol\u00f3gicas y convenios con instituciones educativas adem\u00e1s de alianzas para intercambio de hojas de vida.\n\t\t\t\t\t<\/p>\n\n\n\n<figure class=\"wp-block-image\"><img decoding=\"async\" src=\"https:\/\/grupohama.com\/tempog\/wp-content\/uploads\/2023\/12\/fotoswh-15.jpg\" alt=\"\"\/><\/figure>\n\n\n\n<p><\/p>\n\n\n\n<h4 class=\"wp-block-heading\">\n\t\t\t\t\t\tADMINISTRACI\u00d3N DE N\u00d3MINA<br>\n\t\t\t\t<\/h4>\n\n\n\n<p>\n\t\t\t\t\t\tDentro de nuestro equipo de profesionales, asignamos personas capacitadas quienes se encargar\u00e1n de asesorar permanentemente al cliente en todos los temas.<br>\nrelacionados con la actividad, pago de n\u00f3mina desde una persona, pago de parafiscales seguridad social y liquidaciones y todas las novedades que se presenten para su conocimiento e indicaciones.\t\t\t\t\t<\/p>\n\n\n\n<div class=\"wp-block-group is-nowrap is-layout-flex wp-container-core-group-is-layout-6c531013 wp-block-group-is-layout-flex\">\n<figure class=\"wp-block-image size-full is-resized\"><img loading=\"lazy\" decoding=\"async\" width=\"159\" height=\"159\" src=\"https:\/\/grupohama.com\/tempog\/wp-content\/uploads\/2023\/11\/logos-15.jpg\" alt=\"\" class=\"wp-image-11595\" style=\"width:157px;height:auto\" srcset=\"https:\/\/grupohama.com\/tempog\/wp-content\/uploads\/2023\/11\/logos-15.jpg 159w, https:\/\/grupohama.com\/tempog\/wp-content\/uploads\/2023\/11\/logos-15-150x150.jpg 150w\" sizes=\"auto, (max-width: 159px) 100vw, 159px\" \/><\/figure>\n\n\n\n<figure class=\"wp-block-image size-full is-resized\"><img loading=\"lazy\" decoding=\"async\" width=\"174\" height=\"174\" src=\"https:\/\/grupohama.com\/tempog\/wp-content\/uploads\/2023\/11\/logos-09.jpg\" alt=\"\" class=\"wp-image-11596\" style=\"width:157px;height:auto\" srcset=\"https:\/\/grupohama.com\/tempog\/wp-content\/uploads\/2023\/11\/logos-09.jpg 174w, https:\/\/grupohama.com\/tempog\/wp-content\/uploads\/2023\/11\/logos-09-150x150.jpg 150w\" sizes=\"auto, (max-width: 174px) 100vw, 174px\" \/><\/figure>\n\n\n\n<figure class=\"wp-block-image size-full is-resized\"><img loading=\"lazy\" decoding=\"async\" width=\"153\" height=\"184\" src=\"https:\/\/grupohama.com\/tempog\/wp-content\/uploads\/2023\/11\/logos-10.jpg\" alt=\"\" class=\"wp-image-11597\" style=\"width:157px;height:auto\"\/><\/figure>\n\n\n\n<figure class=\"wp-block-image size-full is-resized\"><img loading=\"lazy\" decoding=\"async\" width=\"137\" height=\"142\" src=\"https:\/\/grupohama.com\/tempog\/wp-content\/uploads\/2023\/11\/logos-11.jpg\" alt=\"\" class=\"wp-image-11598\" style=\"width:157px;height:auto\"\/><\/figure>\n\n\n\n<figure class=\"wp-block-image size-full is-resized\"><img loading=\"lazy\" decoding=\"async\" width=\"145\" height=\"143\" src=\"https:\/\/grupohama.com\/tempog\/wp-content\/uploads\/2023\/11\/logos-14.jpg\" alt=\"\" class=\"wp-image-11601\" style=\"width:157px;height:auto\"\/><\/figure>\n\n\n\n<figure class=\"wp-block-image size-full is-resized\"><img loading=\"lazy\" decoding=\"async\" width=\"148\" height=\"168\" src=\"https:\/\/grupohama.com\/tempog\/wp-content\/uploads\/2023\/11\/logos-13.jpg\" alt=\"\" class=\"wp-image-11600\" style=\"width:157px;height:auto\"\/><\/figure>\n\n\n\n<figure class=\"wp-block-image size-full is-resized\"><img loading=\"lazy\" decoding=\"async\" width=\"134\" height=\"168\" src=\"https:\/\/grupohama.com\/tempog\/wp-content\/uploads\/2023\/11\/logos-12.jpg\" alt=\"\" class=\"wp-image-11599\" style=\"width:157px;height:auto\"\/><\/figure>\n<\/div>\n\n\n\n<p><\/p>\n","protected":false},"excerpt":{"rendered":"<p>A trav\u00e9s de una selecci\u00f3n acorde con los requerimientos de nuestros clientes, prestamos servicios temporales al sector empresarial, &nbsp;por lo cual contamos con una estructura organizacional y un recurso humano capacitado y comprometido con el objeto institucional y consiente de nuestra contribuci\u00f3n en la generaci\u00f3n de empleo de Colombia y en d\u00f3nde hacemos presencia. Somos &hellip;<\/p>\n<p class=\"read-more\"> <a class=\"\" href=\"https:\/\/grupohama.com\/tempog\/\"> <span class=\"screen-reader-text\">Home<\/span> Leer m\u00e1s &raquo;<\/a><\/p>\n","protected":false},"author":1,"featured_media":0,"parent":0,"menu_order":0,"comment_status":"closed","ping_status":"closed","template":"","meta":{"site-sidebar-layout":"no-sidebar","site-content-layout":"plain-container","ast-site-content-layout":"","site-content-style":"default","site-sidebar-style":"default","ast-global-header-display":"","ast-banner-title-visibility":"","ast-main-header-display":"","ast-hfb-above-header-display":"","ast-hfb-below-header-display":"","ast-hfb-mobile-header-display":"","site-post-title":"disabled","ast-breadcrumbs-content":"","ast-featured-img":"disabled","footer-sml-layout":"","theme-transparent-header-meta":"","adv-header-id-meta":"","stick-header-meta":"","header-above-stick-meta":"","header-main-stick-meta":"","header-below-stick-meta":"","astra-migrate-meta-layouts":"","ast-page-background-enabled":"default","ast-page-background-meta":{"desktop":{"background-color":"var(--ast-global-color-4)","background-image":"","background-repeat":"repeat","background-position":"center center","background-size":"auto","background-attachment":"scroll","background-type":"","background-media":"","overlay-type":"","overlay-color":"","overlay-gradient":""},"tablet":{"background-color":"","background-image":"","background-repeat":"repeat","background-position":"center center","background-size":"auto","background-attachment":"scroll","background-type":"","background-media":"","overlay-type":"","overlay-color":"","overlay-gradient":""},"mobile":{"background-color":"","background-image":"","background-repeat":"repeat","background-position":"center center","background-size":"auto","background-attachment":"scroll","background-type":"","background-media":"","overlay-type":"","overlay-color":"","overlay-gradient":""}},"ast-content-background-meta":{"desktop":{"background-color":"var(--ast-global-color-5)","background-image":"","background-repeat":"repeat","background-position":"center center","background-size":"auto","background-attachment":"scroll","background-type":"","background-media":"","overlay-type":"","overlay-color":"","overlay-gradient":""},"tablet":{"background-color":"var(--ast-global-color-5)","background-image":"","background-repeat":"repeat","background-position":"center center","background-size":"auto","background-attachment":"scroll","background-type":"","background-media":"","overlay-type":"","overlay-color":"","overlay-gradient":""},"mobile":{"background-color":"var(--ast-global-color-5)","background-image":"","background-repeat":"repeat","background-position":"center center","background-size":"auto","background-attachment":"scroll","background-type":"","background-media":"","overlay-type":"","overlay-color":"","overlay-gradient":""}},"footnotes":""},"class_list":["post-302","page","type-page","status-publish","hentry"],"_links":{"self":[{"href":"https:\/\/grupohama.com\/tempog\/index.php?rest_route=\/wp\/v2\/pages\/302","targetHints":{"allow":["GET"]}}],"collection":[{"href":"https:\/\/grupohama.com\/tempog\/index.php?rest_route=\/wp\/v2\/pages"}],"about":[{"href":"https:\/\/grupohama.com\/tempog\/index.php?rest_route=\/wp\/v2\/types\/page"}],"author":[{"embeddable":true,"href":"https:\/\/grupohama.com\/tempog\/index.php?rest_route=\/wp\/v2\/users\/1"}],"replies":[{"embeddable":true,"href":"https:\/\/grupohama.com\/tempog\/index.php?rest_route=%2Fwp%2Fv2%2Fcomments&post=302"}],"version-history":[{"count":77,"href":"https:\/\/grupohama.com\/tempog\/index.php?rest_route=\/wp\/v2\/pages\/302\/revisions"}],"predecessor-version":[{"id":11694,"href":"https:\/\/grupohama.com\/tempog\/index.php?rest_route=\/wp\/v2\/pages\/302\/revisions\/11694"}],"wp:attachment":[{"href":"https:\/\/grupohama.com\/tempog\/index.php?rest_route=%2Fwp%2Fv2%2Fmedia&parent=302"}],"curies":[{"name":"wp","href":"https:\/\/api.w.org\/{rel}","templated":true}]}}