{"id":23,"date":"2023-10-27T04:23:46","date_gmt":"2023-10-27T02:23:46","guid":{"rendered":"https:\/\/grupohama.com\/aseoh\/?page_id=23"},"modified":"2026-01-09T20:26:40","modified_gmt":"2026-01-09T19:26:40","slug":"contacto","status":"publish","type":"page","link":"https:\/\/grupohama.com\/aseoh\/?page_id=23","title":{"rendered":"Contacto"},"content":{"rendered":"\n<p>Para comunicarte con nosotros, puedes usar los siguientes medios de contacto:<\/p>\n\n\n\n<p>\n  <strong>Correo electr\u00f3nico:<\/strong><br>\n  <a href=\"mailto:contactenos@grupohama.com\" data-type=\"mailto\" data-id=\"mailto:contactenos@grupohama.com\">\n     contactenos@grupohama.com\n  <\/a>\n<\/p>\n\n\n\n<p><strong>Direcci\u00f3n:<\/strong><br>\nCarrera 38 #63B-64, Barranquilla, Atl\u00e1ntico.<\/p>\n\n\n\n<p><strong>Tel\u00e9fono fijo:<\/strong><br>\n(605) 385 3983<\/p>\n\n\n\n<p><\/p>\n","protected":false},"excerpt":{"rendered":"<p>Para comunicarte con nosotros, puedes usar los siguientes medios de contacto: Correo electr\u00f3nico: contactenos@grupohama.com Direcci\u00f3n: Carrera 38 #63B-64, Barranquilla, Atl\u00e1ntico. Tel\u00e9fono fijo: (605) 385 3983<\/p>\n","protected":false},"author":1,"featured_media":0,"parent":0,"menu_order":0,"comment_status":"closed","ping_status":"closed","template":"","meta":{"site-sidebar-layout":"default","site-content-layout":"","ast-site-content-layout":"","site-content-style":"default","site-sidebar-style":"default","ast-global-header-display":"","ast-banner-title-visibility":"","ast-main-header-display":"","ast-hfb-above-header-display":"","ast-hfb-below-header-display":"","ast-hfb-mobile-header-display":"","site-post-title":"","ast-breadcrumbs-content":"","ast-featured-img":"","footer-sml-layout":"","theme-transparent-header-meta":"","adv-header-id-meta":"","stick-header-meta":"","header-above-stick-meta":"","header-main-stick-meta":"","header-below-stick-meta":"","astra-migrate-meta-layouts":"","ast-page-background-enabled":"default","ast-page-background-meta":{"desktop":{"background-color":"var(--ast-global-color-4)","background-image":"","background-repeat":"repeat","background-position":"center center","background-size":"auto","background-attachment":"scroll","background-type":"","background-media":"","overlay-type":"","overlay-color":"","overlay-gradient":""},"tablet":{"background-color":"","background-image":"","background-repeat":"repeat","background-position":"center center","background-size":"auto","background-attachment":"scroll","background-type":"","background-media":"","overlay-type":"","overlay-color":"","overlay-gradient":""},"mobile":{"background-color":"","background-image":"","background-repeat":"repeat","background-position":"center center","background-size":"auto","background-attachment":"scroll","background-type":"","background-media":"","overlay-type":"","overlay-color":"","overlay-gradient":""}},"ast-content-background-meta":{"desktop":{"background-color":"var(--ast-global-color-5)","background-image":"","background-repeat":"repeat","background-position":"center center","background-size":"auto","background-attachment":"scroll","background-type":"","background-media":"","overlay-type":"","overlay-color":"","overlay-gradient":""},"tablet":{"background-color":"var(--ast-global-color-5)","background-image":"","background-repeat":"repeat","background-position":"center center","background-size":"auto","background-attachment":"scroll","background-type":"","background-media":"","overlay-type":"","overlay-color":"","overlay-gradient":""},"mobile":{"background-color":"var(--ast-global-color-5)","background-image":"","background-repeat":"repeat","background-position":"center center","background-size":"auto","background-attachment":"scroll","background-type":"","background-media":"","overlay-type":"","overlay-color":"","overlay-gradient":""}},"footnotes":""},"class_list":["post-23","page","type-page","status-publish","hentry"],"_links":{"self":[{"href":"https:\/\/grupohama.com\/aseoh\/index.php?rest_route=\/wp\/v2\/pages\/23","targetHints":{"allow":["GET"]}}],"collection":[{"href":"https:\/\/grupohama.com\/aseoh\/index.php?rest_route=\/wp\/v2\/pages"}],"about":[{"href":"https:\/\/grupohama.com\/aseoh\/index.php?rest_route=\/wp\/v2\/types\/page"}],"author":[{"embeddable":true,"href":"https:\/\/grupohama.com\/aseoh\/index.php?rest_route=\/wp\/v2\/users\/1"}],"replies":[{"embeddable":true,"href":"https:\/\/grupohama.com\/aseoh\/index.php?rest_route=%2Fwp%2Fv2%2Fcomments&post=23"}],"version-history":[{"count":10,"href":"https:\/\/grupohama.com\/aseoh\/index.php?rest_route=\/wp\/v2\/pages\/23\/revisions"}],"predecessor-version":[{"id":342,"href":"https:\/\/grupohama.com\/aseoh\/index.php?rest_route=\/wp\/v2\/pages\/23\/revisions\/342"}],"wp:attachment":[{"href":"https:\/\/grupohama.com\/aseoh\/index.php?rest_route=%2Fwp%2Fv2%2Fmedia&parent=23"}],"curies":[{"name":"wp","href":"https:\/\/api.w.org\/{rel}","templated":true}]}}